{"id":744,"date":"2023-02-21T09:55:09","date_gmt":"2023-02-21T09:55:09","guid":{"rendered":"http:\/\/gremiodelabradoresalcoy.com\/?page_id=744"},"modified":"2025-05-28T05:13:01","modified_gmt":"2025-05-28T05:13:01","slug":"junta-directiva","status":"publish","type":"page","link":"https:\/\/gremiodelabradoresalcoy.com\/index.php\/junta-directiva\/","title":{"rendered":""},"content":{"rendered":"\n<h2 class=\"wp-block-heading has-text-align-center has-light-green-cyan-background-color has-background has-medium-font-size\">JUNTA DIRECTIVA DEL GREMIO DE LABRADORES<\/h2>\n\n\n\n<p class=\"has-medium-font-size\">La actual junta directiva del Gremio de Labradores est\u00e1 compuesta por los siguientes miembros:<\/p>\n\n\n\n<ul class=\"wp-block-list\">\n<li class=\"has-medium-font-size\"><strong>Presidente:<\/strong> Fernando P\u00e9rez Mir\u00f3<\/li>\n\n\n\n<li class=\"has-medium-font-size\"><strong>Vicepresidente:<\/strong> Alfredo Casimiro Santonja Cant\u00f3<\/li>\n\n\n\n<li class=\"has-medium-font-size\"><strong>Secretario:<\/strong> Gin\u00e9s Garc\u00eda Gim\u00e9nez<\/li>\n\n\n\n<li class=\"has-medium-font-size\"><strong>Tesorero:<\/strong> David Gisbert Cant\u00f3<\/li>\n\n\n\n<li class=\"has-medium-font-size\"><strong>Vocales:<\/strong>\n<ul class=\"wp-block-list\">\n<li class=\"has-medium-font-size\">German Jorge Fenollar Alemany<\/li>\n\n\n\n<li class=\"has-medium-font-size\">Vicente Roque Gisbert<\/li>\n\n\n\n<li class=\"has-medium-font-size\">Jos\u00e9 Luis Verd\u00fa Parrado<\/li>\n\n\n\n<li class=\"has-medium-font-size\">Francisco Antonio Gisbert Cant\u00f3<\/li>\n\n\n\n<li class=\"has-medium-font-size\">Juan Marcos Fons Marco<\/li>\n<\/ul>\n<\/li>\n<\/ul>\n\n\n\n<p class=\"has-medium-font-size\">Si deseas contactar con nosotros <a href=\"https:\/\/gremiodelabradoresalcoy.com\/index.php\/contacto-2\/\"><strong>CONTACTO<\/strong><\/a>.<\/p>\n\n\n\n<p><\/p>\n\n\n\n<figure class=\"wp-block-gallery has-nested-images columns-default is-cropped wp-block-gallery-1 is-layout-flex wp-block-gallery-is-layout-flex\">\n<figure data-wp-context=\"{&quot;imageId&quot;:&quot;69ddb06a65ddc&quot;}\" data-wp-interactive=\"core\/image\" data-wp-key=\"69ddb06a65ddc\" class=\"wp-block-image size-large wp-lightbox-container\"><img loading=\"lazy\" decoding=\"async\" width=\"392\" height=\"535\" data-wp-class--hide=\"state.isContentHidden\" data-wp-class--show=\"state.isContentVisible\" data-wp-init=\"callbacks.setButtonStyles\" data-wp-on--click=\"actions.showLightbox\" data-wp-on--load=\"callbacks.setButtonStyles\" data-wp-on-window--resize=\"callbacks.setButtonStyles\" data-id=\"2302\" src=\"https:\/\/gremiodelabradoresalcoy.com\/wp-content\/uploads\/2025\/03\/COPIA.jpg\" alt=\"\" class=\"wp-image-2302\" srcset=\"https:\/\/gremiodelabradoresalcoy.com\/wp-content\/uploads\/2025\/03\/COPIA.jpg 392w, https:\/\/gremiodelabradoresalcoy.com\/wp-content\/uploads\/2025\/03\/COPIA-220x300.jpg 220w\" sizes=\"auto, (max-width: 392px) 100vw, 392px\" \/><button\n\t\t\tclass=\"lightbox-trigger\"\n\t\t\ttype=\"button\"\n\t\t\taria-haspopup=\"dialog\"\n\t\t\taria-label=\"Agrandar\"\n\t\t\tdata-wp-init=\"callbacks.initTriggerButton\"\n\t\t\tdata-wp-on--click=\"actions.showLightbox\"\n\t\t\tdata-wp-style--right=\"state.imageButtonRight\"\n\t\t\tdata-wp-style--top=\"state.imageButtonTop\"\n\t\t>\n\t\t\t<svg xmlns=\"http:\/\/www.w3.org\/2000\/svg\" width=\"12\" height=\"12\" fill=\"none\" viewBox=\"0 0 12 12\">\n\t\t\t\t<path fill=\"#fff\" d=\"M2 0a2 2 0 0 0-2 2v2h1.5V2a.5.5 0 0 1 .5-.5h2V0H2Zm2 10.5H2a.5.5 0 0 1-.5-.5V8H0v2a2 2 0 0 0 2 2h2v-1.5ZM8 12v-1.5h2a.5.5 0 0 0 .5-.5V8H12v2a2 2 0 0 1-2 2H8Zm2-12a2 2 0 0 1 2 2v2h-1.5V2a.5.5 0 0 0-.5-.5H8V0h2Z\" \/>\n\t\t\t<\/svg>\n\t\t<\/button><figcaption class=\"wp-element-caption\"><strong>PRESIDENTE:<\/strong><br><strong>Fernando P\u00e9rez Mir\u00f3<\/strong><\/figcaption><\/figure>\n\n\n\n<figure data-wp-context=\"{&quot;imageId&quot;:&quot;69ddb06a6627e&quot;}\" data-wp-interactive=\"core\/image\" data-wp-key=\"69ddb06a6627e\" class=\"wp-block-image size-large wp-lightbox-container\"><img loading=\"lazy\" decoding=\"async\" width=\"766\" height=\"1024\" data-wp-class--hide=\"state.isContentHidden\" data-wp-class--show=\"state.isContentVisible\" data-wp-init=\"callbacks.setButtonStyles\" data-wp-on--click=\"actions.showLightbox\" data-wp-on--load=\"callbacks.setButtonStyles\" data-wp-on-window--resize=\"callbacks.setButtonStyles\" data-id=\"1075\" src=\"https:\/\/gremiodelabradoresalcoy.com\/wp-content\/uploads\/2023\/03\/WhatsApp-Image-2023-03-02-at-17.29.13-766x1024.jpeg\" alt=\"\" class=\"wp-image-1075\" srcset=\"https:\/\/gremiodelabradoresalcoy.com\/wp-content\/uploads\/2023\/03\/WhatsApp-Image-2023-03-02-at-17.29.13-766x1024.jpeg 766w, https:\/\/gremiodelabradoresalcoy.com\/wp-content\/uploads\/2023\/03\/WhatsApp-Image-2023-03-02-at-17.29.13-224x300.jpeg 224w, https:\/\/gremiodelabradoresalcoy.com\/wp-content\/uploads\/2023\/03\/WhatsApp-Image-2023-03-02-at-17.29.13-768x1026.jpeg 768w, https:\/\/gremiodelabradoresalcoy.com\/wp-content\/uploads\/2023\/03\/WhatsApp-Image-2023-03-02-at-17.29.13.jpeg 856w\" sizes=\"auto, (max-width: 766px) 100vw, 766px\" \/><button\n\t\t\tclass=\"lightbox-trigger\"\n\t\t\ttype=\"button\"\n\t\t\taria-haspopup=\"dialog\"\n\t\t\taria-label=\"Agrandar\"\n\t\t\tdata-wp-init=\"callbacks.initTriggerButton\"\n\t\t\tdata-wp-on--click=\"actions.showLightbox\"\n\t\t\tdata-wp-style--right=\"state.imageButtonRight\"\n\t\t\tdata-wp-style--top=\"state.imageButtonTop\"\n\t\t>\n\t\t\t<svg xmlns=\"http:\/\/www.w3.org\/2000\/svg\" width=\"12\" height=\"12\" fill=\"none\" viewBox=\"0 0 12 12\">\n\t\t\t\t<path fill=\"#fff\" d=\"M2 0a2 2 0 0 0-2 2v2h1.5V2a.5.5 0 0 1 .5-.5h2V0H2Zm2 10.5H2a.5.5 0 0 1-.5-.5V8H0v2a2 2 0 0 0 2 2h2v-1.5ZM8 12v-1.5h2a.5.5 0 0 0 .5-.5V8H12v2a2 2 0 0 1-2 2H8Zm2-12a2 2 0 0 1 2 2v2h-1.5V2a.5.5 0 0 0-.5-.5H8V0h2Z\" \/>\n\t\t\t<\/svg>\n\t\t<\/button><figcaption class=\"wp-element-caption\"><strong>VICEPRESIDENTE:<\/strong><br><strong>Alfredo Casimiro Santonja Cant\u00f3<\/strong><\/figcaption><\/figure>\n\n\n\n<figure data-wp-context=\"{&quot;imageId&quot;:&quot;69ddb06a6666e&quot;}\" data-wp-interactive=\"core\/image\" data-wp-key=\"69ddb06a6666e\" class=\"wp-block-image size-thumbnail wp-lightbox-container\"><img loading=\"lazy\" decoding=\"async\" width=\"145\" height=\"150\" data-wp-class--hide=\"state.isContentHidden\" data-wp-class--show=\"state.isContentVisible\" data-wp-init=\"callbacks.setButtonStyles\" data-wp-on--click=\"actions.showLightbox\" data-wp-on--load=\"callbacks.setButtonStyles\" data-wp-on-window--resize=\"callbacks.setButtonStyles\" data-id=\"936\" src=\"https:\/\/gremiodelabradoresalcoy.com\/wp-content\/uploads\/2023\/02\/34473943_2093040330914369_2267411040553664512_n_1-145x150.jpg\" alt=\"\" class=\"wp-image-936\"\/><button\n\t\t\tclass=\"lightbox-trigger\"\n\t\t\ttype=\"button\"\n\t\t\taria-haspopup=\"dialog\"\n\t\t\taria-label=\"Agrandar\"\n\t\t\tdata-wp-init=\"callbacks.initTriggerButton\"\n\t\t\tdata-wp-on--click=\"actions.showLightbox\"\n\t\t\tdata-wp-style--right=\"state.imageButtonRight\"\n\t\t\tdata-wp-style--top=\"state.imageButtonTop\"\n\t\t>\n\t\t\t<svg xmlns=\"http:\/\/www.w3.org\/2000\/svg\" width=\"12\" height=\"12\" fill=\"none\" viewBox=\"0 0 12 12\">\n\t\t\t\t<path fill=\"#fff\" d=\"M2 0a2 2 0 0 0-2 2v2h1.5V2a.5.5 0 0 1 .5-.5h2V0H2Zm2 10.5H2a.5.5 0 0 1-.5-.5V8H0v2a2 2 0 0 0 2 2h2v-1.5ZM8 12v-1.5h2a.5.5 0 0 0 .5-.5V8H12v2a2 2 0 0 1-2 2H8Zm2-12a2 2 0 0 1 2 2v2h-1.5V2a.5.5 0 0 0-.5-.5H8V0h2Z\" \/>\n\t\t\t<\/svg>\n\t\t<\/button><figcaption class=\"wp-element-caption\"><strong>SECRETARIO:<\/strong><br><strong>Gin\u00e9s Garc\u00eda Gim\u00e9nez<\/strong><\/figcaption><\/figure>\n\n\n\n<figure data-wp-context=\"{&quot;imageId&quot;:&quot;69ddb06a66a3e&quot;}\" data-wp-interactive=\"core\/image\" data-wp-key=\"69ddb06a66a3e\" class=\"wp-block-image size-large wp-lightbox-container\"><img loading=\"lazy\" decoding=\"async\" width=\"766\" height=\"1024\" data-wp-class--hide=\"state.isContentHidden\" data-wp-class--show=\"state.isContentVisible\" data-wp-init=\"callbacks.setButtonStyles\" data-wp-on--click=\"actions.showLightbox\" data-wp-on--load=\"callbacks.setButtonStyles\" data-wp-on-window--resize=\"callbacks.setButtonStyles\" data-id=\"1184\" src=\"https:\/\/gremiodelabradoresalcoy.com\/wp-content\/uploads\/2023\/03\/WhatsApp-Image-2023-03-07-at-16.21.26-766x1024.jpeg\" alt=\"\" class=\"wp-image-1184\" srcset=\"https:\/\/gremiodelabradoresalcoy.com\/wp-content\/uploads\/2023\/03\/WhatsApp-Image-2023-03-07-at-16.21.26-766x1024.jpeg 766w, https:\/\/gremiodelabradoresalcoy.com\/wp-content\/uploads\/2023\/03\/WhatsApp-Image-2023-03-07-at-16.21.26-225x300.jpeg 225w, https:\/\/gremiodelabradoresalcoy.com\/wp-content\/uploads\/2023\/03\/WhatsApp-Image-2023-03-07-at-16.21.26-768x1026.jpeg 768w, https:\/\/gremiodelabradoresalcoy.com\/wp-content\/uploads\/2023\/03\/WhatsApp-Image-2023-03-07-at-16.21.26.jpeg 1020w\" sizes=\"auto, (max-width: 766px) 100vw, 766px\" \/><button\n\t\t\tclass=\"lightbox-trigger\"\n\t\t\ttype=\"button\"\n\t\t\taria-haspopup=\"dialog\"\n\t\t\taria-label=\"Agrandar\"\n\t\t\tdata-wp-init=\"callbacks.initTriggerButton\"\n\t\t\tdata-wp-on--click=\"actions.showLightbox\"\n\t\t\tdata-wp-style--right=\"state.imageButtonRight\"\n\t\t\tdata-wp-style--top=\"state.imageButtonTop\"\n\t\t>\n\t\t\t<svg xmlns=\"http:\/\/www.w3.org\/2000\/svg\" width=\"12\" height=\"12\" fill=\"none\" viewBox=\"0 0 12 12\">\n\t\t\t\t<path fill=\"#fff\" d=\"M2 0a2 2 0 0 0-2 2v2h1.5V2a.5.5 0 0 1 .5-.5h2V0H2Zm2 10.5H2a.5.5 0 0 1-.5-.5V8H0v2a2 2 0 0 0 2 2h2v-1.5ZM8 12v-1.5h2a.5.5 0 0 0 .5-.5V8H12v2a2 2 0 0 1-2 2H8Zm2-12a2 2 0 0 1 2 2v2h-1.5V2a.5.5 0 0 0-.5-.5H8V0h2Z\" \/>\n\t\t\t<\/svg>\n\t\t<\/button><figcaption class=\"wp-element-caption\"><strong>TESORERO:<\/strong><br><strong>David Gisbert Cant\u00f3<\/strong><\/figcaption><\/figure>\n\n\n\n<figure data-wp-context=\"{&quot;imageId&quot;:&quot;69ddb06a66edf&quot;}\" data-wp-interactive=\"core\/image\" data-wp-key=\"69ddb06a66edf\" class=\"wp-block-image size-large wp-lightbox-container\"><img loading=\"lazy\" decoding=\"async\" width=\"769\" height=\"1024\" data-wp-class--hide=\"state.isContentHidden\" data-wp-class--show=\"state.isContentVisible\" data-wp-init=\"callbacks.setButtonStyles\" data-wp-on--click=\"actions.showLightbox\" data-wp-on--load=\"callbacks.setButtonStyles\" data-wp-on-window--resize=\"callbacks.setButtonStyles\" data-id=\"1186\" src=\"https:\/\/gremiodelabradoresalcoy.com\/wp-content\/uploads\/2023\/03\/WhatsApp-Image-2023-03-07-at-20.22.28-769x1024.jpeg\" alt=\"\" class=\"wp-image-1186\" srcset=\"https:\/\/gremiodelabradoresalcoy.com\/wp-content\/uploads\/2023\/03\/WhatsApp-Image-2023-03-07-at-20.22.28-769x1024.jpeg 769w, https:\/\/gremiodelabradoresalcoy.com\/wp-content\/uploads\/2023\/03\/WhatsApp-Image-2023-03-07-at-20.22.28-225x300.jpeg 225w, https:\/\/gremiodelabradoresalcoy.com\/wp-content\/uploads\/2023\/03\/WhatsApp-Image-2023-03-07-at-20.22.28-768x1023.jpeg 768w, https:\/\/gremiodelabradoresalcoy.com\/wp-content\/uploads\/2023\/03\/WhatsApp-Image-2023-03-07-at-20.22.28.jpeg 921w\" sizes=\"auto, (max-width: 769px) 100vw, 769px\" \/><button\n\t\t\tclass=\"lightbox-trigger\"\n\t\t\ttype=\"button\"\n\t\t\taria-haspopup=\"dialog\"\n\t\t\taria-label=\"Agrandar\"\n\t\t\tdata-wp-init=\"callbacks.initTriggerButton\"\n\t\t\tdata-wp-on--click=\"actions.showLightbox\"\n\t\t\tdata-wp-style--right=\"state.imageButtonRight\"\n\t\t\tdata-wp-style--top=\"state.imageButtonTop\"\n\t\t>\n\t\t\t<svg xmlns=\"http:\/\/www.w3.org\/2000\/svg\" width=\"12\" height=\"12\" fill=\"none\" viewBox=\"0 0 12 12\">\n\t\t\t\t<path fill=\"#fff\" d=\"M2 0a2 2 0 0 0-2 2v2h1.5V2a.5.5 0 0 1 .5-.5h2V0H2Zm2 10.5H2a.5.5 0 0 1-.5-.5V8H0v2a2 2 0 0 0 2 2h2v-1.5ZM8 12v-1.5h2a.5.5 0 0 0 .5-.5V8H12v2a2 2 0 0 1-2 2H8Zm2-12a2 2 0 0 1 2 2v2h-1.5V2a.5.5 0 0 0-.5-.5H8V0h2Z\" \/>\n\t\t\t<\/svg>\n\t\t<\/button><figcaption class=\"wp-element-caption\"><strong>VOCAL:<\/strong><br><strong>German Jorge Fenollar Alemany<\/strong><\/figcaption><\/figure>\n\n\n\n<figure data-wp-context=\"{&quot;imageId&quot;:&quot;69ddb06a67375&quot;}\" data-wp-interactive=\"core\/image\" data-wp-key=\"69ddb06a67375\" class=\"wp-block-image size-large wp-lightbox-container\"><img loading=\"lazy\" decoding=\"async\" width=\"601\" height=\"804\" data-wp-class--hide=\"state.isContentHidden\" data-wp-class--show=\"state.isContentVisible\" data-wp-init=\"callbacks.setButtonStyles\" data-wp-on--click=\"actions.showLightbox\" data-wp-on--load=\"callbacks.setButtonStyles\" data-wp-on-window--resize=\"callbacks.setButtonStyles\" data-id=\"1502\" src=\"https:\/\/gremiodelabradoresalcoy.com\/wp-content\/uploads\/2023\/04\/WhatsApp-Image-2023-04-02-at-19.58.33.jpeg\" alt=\"\" class=\"wp-image-1502\" srcset=\"https:\/\/gremiodelabradoresalcoy.com\/wp-content\/uploads\/2023\/04\/WhatsApp-Image-2023-04-02-at-19.58.33.jpeg 601w, https:\/\/gremiodelabradoresalcoy.com\/wp-content\/uploads\/2023\/04\/WhatsApp-Image-2023-04-02-at-19.58.33-224x300.jpeg 224w\" sizes=\"auto, (max-width: 601px) 100vw, 601px\" \/><button\n\t\t\tclass=\"lightbox-trigger\"\n\t\t\ttype=\"button\"\n\t\t\taria-haspopup=\"dialog\"\n\t\t\taria-label=\"Agrandar\"\n\t\t\tdata-wp-init=\"callbacks.initTriggerButton\"\n\t\t\tdata-wp-on--click=\"actions.showLightbox\"\n\t\t\tdata-wp-style--right=\"state.imageButtonRight\"\n\t\t\tdata-wp-style--top=\"state.imageButtonTop\"\n\t\t>\n\t\t\t<svg xmlns=\"http:\/\/www.w3.org\/2000\/svg\" width=\"12\" height=\"12\" fill=\"none\" viewBox=\"0 0 12 12\">\n\t\t\t\t<path fill=\"#fff\" d=\"M2 0a2 2 0 0 0-2 2v2h1.5V2a.5.5 0 0 1 .5-.5h2V0H2Zm2 10.5H2a.5.5 0 0 1-.5-.5V8H0v2a2 2 0 0 0 2 2h2v-1.5ZM8 12v-1.5h2a.5.5 0 0 0 .5-.5V8H12v2a2 2 0 0 1-2 2H8Zm2-12a2 2 0 0 1 2 2v2h-1.5V2a.5.5 0 0 0-.5-.5H8V0h2Z\" \/>\n\t\t\t<\/svg>\n\t\t<\/button><figcaption class=\"wp-element-caption\"><strong>VOCAL:<\/strong><br><strong>Vicente Roque Gisbert<\/strong><\/figcaption><\/figure>\n\n\n\n<figure data-wp-context=\"{&quot;imageId&quot;:&quot;69ddb06a67803&quot;}\" data-wp-interactive=\"core\/image\" data-wp-key=\"69ddb06a67803\" class=\"wp-block-image size-large wp-lightbox-container\"><img loading=\"lazy\" decoding=\"async\" width=\"642\" height=\"1024\" data-wp-class--hide=\"state.isContentHidden\" data-wp-class--show=\"state.isContentVisible\" data-wp-init=\"callbacks.setButtonStyles\" data-wp-on--click=\"actions.showLightbox\" data-wp-on--load=\"callbacks.setButtonStyles\" data-wp-on-window--resize=\"callbacks.setButtonStyles\" data-id=\"1009\" src=\"https:\/\/gremiodelabradoresalcoy.com\/wp-content\/uploads\/2023\/02\/WhatsApp-Image-2023-02-25-at-18.37.43-642x1024.jpeg\" alt=\"\" class=\"wp-image-1009\" srcset=\"https:\/\/gremiodelabradoresalcoy.com\/wp-content\/uploads\/2023\/02\/WhatsApp-Image-2023-02-25-at-18.37.43-642x1024.jpeg 642w, https:\/\/gremiodelabradoresalcoy.com\/wp-content\/uploads\/2023\/02\/WhatsApp-Image-2023-02-25-at-18.37.43-188x300.jpeg 188w, https:\/\/gremiodelabradoresalcoy.com\/wp-content\/uploads\/2023\/02\/WhatsApp-Image-2023-02-25-at-18.37.43.jpeg 767w\" sizes=\"auto, (max-width: 642px) 100vw, 642px\" \/><button\n\t\t\tclass=\"lightbox-trigger\"\n\t\t\ttype=\"button\"\n\t\t\taria-haspopup=\"dialog\"\n\t\t\taria-label=\"Agrandar\"\n\t\t\tdata-wp-init=\"callbacks.initTriggerButton\"\n\t\t\tdata-wp-on--click=\"actions.showLightbox\"\n\t\t\tdata-wp-style--right=\"state.imageButtonRight\"\n\t\t\tdata-wp-style--top=\"state.imageButtonTop\"\n\t\t>\n\t\t\t<svg xmlns=\"http:\/\/www.w3.org\/2000\/svg\" width=\"12\" height=\"12\" fill=\"none\" viewBox=\"0 0 12 12\">\n\t\t\t\t<path fill=\"#fff\" d=\"M2 0a2 2 0 0 0-2 2v2h1.5V2a.5.5 0 0 1 .5-.5h2V0H2Zm2 10.5H2a.5.5 0 0 1-.5-.5V8H0v2a2 2 0 0 0 2 2h2v-1.5ZM8 12v-1.5h2a.5.5 0 0 0 .5-.5V8H12v2a2 2 0 0 1-2 2H8Zm2-12a2 2 0 0 1 2 2v2h-1.5V2a.5.5 0 0 0-.5-.5H8V0h2Z\" \/>\n\t\t\t<\/svg>\n\t\t<\/button><figcaption class=\"wp-element-caption\"><strong>VOCAL:<\/strong><br><strong>Jos\u00e9 Luis Verd\u00fa Parrado<\/strong><\/figcaption><\/figure>\n\n\n\n<figure data-wp-context=\"{&quot;imageId&quot;:&quot;69ddb06a67c0b&quot;}\" data-wp-interactive=\"core\/image\" data-wp-key=\"69ddb06a67c0b\" class=\"wp-block-image size-large wp-lightbox-container\"><img loading=\"lazy\" decoding=\"async\" width=\"323\" height=\"478\" data-wp-class--hide=\"state.isContentHidden\" data-wp-class--show=\"state.isContentVisible\" data-wp-init=\"callbacks.setButtonStyles\" data-wp-on--click=\"actions.showLightbox\" data-wp-on--load=\"callbacks.setButtonStyles\" data-wp-on-window--resize=\"callbacks.setButtonStyles\" data-id=\"900\" src=\"https:\/\/gremiodelabradoresalcoy.com\/wp-content\/uploads\/2023\/02\/WhatsApp-Image-2023-02-22-at-20.58.08.jpeg\" alt=\"\" class=\"wp-image-900\" srcset=\"https:\/\/gremiodelabradoresalcoy.com\/wp-content\/uploads\/2023\/02\/WhatsApp-Image-2023-02-22-at-20.58.08.jpeg 323w, https:\/\/gremiodelabradoresalcoy.com\/wp-content\/uploads\/2023\/02\/WhatsApp-Image-2023-02-22-at-20.58.08-203x300.jpeg 203w\" sizes=\"auto, (max-width: 323px) 100vw, 323px\" \/><button\n\t\t\tclass=\"lightbox-trigger\"\n\t\t\ttype=\"button\"\n\t\t\taria-haspopup=\"dialog\"\n\t\t\taria-label=\"Agrandar\"\n\t\t\tdata-wp-init=\"callbacks.initTriggerButton\"\n\t\t\tdata-wp-on--click=\"actions.showLightbox\"\n\t\t\tdata-wp-style--right=\"state.imageButtonRight\"\n\t\t\tdata-wp-style--top=\"state.imageButtonTop\"\n\t\t>\n\t\t\t<svg xmlns=\"http:\/\/www.w3.org\/2000\/svg\" width=\"12\" height=\"12\" fill=\"none\" viewBox=\"0 0 12 12\">\n\t\t\t\t<path fill=\"#fff\" d=\"M2 0a2 2 0 0 0-2 2v2h1.5V2a.5.5 0 0 1 .5-.5h2V0H2Zm2 10.5H2a.5.5 0 0 1-.5-.5V8H0v2a2 2 0 0 0 2 2h2v-1.5ZM8 12v-1.5h2a.5.5 0 0 0 .5-.5V8H12v2a2 2 0 0 1-2 2H8Zm2-12a2 2 0 0 1 2 2v2h-1.5V2a.5.5 0 0 0-.5-.5H8V0h2Z\" \/>\n\t\t\t<\/svg>\n\t\t<\/button><figcaption class=\"wp-element-caption\"><strong>VOCAL:<\/strong><br><strong>Francisco Antonio Gisbert Cant\u00f3<\/strong><\/figcaption><\/figure>\n\n\n\n<figure data-wp-context=\"{&quot;imageId&quot;:&quot;69ddb06a68006&quot;}\" data-wp-interactive=\"core\/image\" data-wp-key=\"69ddb06a68006\" class=\"wp-block-image size-large wp-lightbox-container\"><img loading=\"lazy\" decoding=\"async\" width=\"780\" height=\"1024\" data-wp-class--hide=\"state.isContentHidden\" data-wp-class--show=\"state.isContentVisible\" data-wp-init=\"callbacks.setButtonStyles\" data-wp-on--click=\"actions.showLightbox\" data-wp-on--load=\"callbacks.setButtonStyles\" data-wp-on-window--resize=\"callbacks.setButtonStyles\" data-id=\"2464\" src=\"https:\/\/gremiodelabradoresalcoy.com\/wp-content\/uploads\/2025\/05\/WhatsApp-Image-2025-05-23-at-19.12.46-1-780x1024.jpeg\" alt=\"\" class=\"wp-image-2464\" srcset=\"https:\/\/gremiodelabradoresalcoy.com\/wp-content\/uploads\/2025\/05\/WhatsApp-Image-2025-05-23-at-19.12.46-1-780x1024.jpeg 780w, https:\/\/gremiodelabradoresalcoy.com\/wp-content\/uploads\/2025\/05\/WhatsApp-Image-2025-05-23-at-19.12.46-1-229x300.jpeg 229w, https:\/\/gremiodelabradoresalcoy.com\/wp-content\/uploads\/2025\/05\/WhatsApp-Image-2025-05-23-at-19.12.46-1-768x1008.jpeg 768w, https:\/\/gremiodelabradoresalcoy.com\/wp-content\/uploads\/2025\/05\/WhatsApp-Image-2025-05-23-at-19.12.46-1-1171x1536.jpeg 1171w, https:\/\/gremiodelabradoresalcoy.com\/wp-content\/uploads\/2025\/05\/WhatsApp-Image-2025-05-23-at-19.12.46-1.jpeg 1198w\" sizes=\"auto, (max-width: 780px) 100vw, 780px\" \/><button\n\t\t\tclass=\"lightbox-trigger\"\n\t\t\ttype=\"button\"\n\t\t\taria-haspopup=\"dialog\"\n\t\t\taria-label=\"Agrandar\"\n\t\t\tdata-wp-init=\"callbacks.initTriggerButton\"\n\t\t\tdata-wp-on--click=\"actions.showLightbox\"\n\t\t\tdata-wp-style--right=\"state.imageButtonRight\"\n\t\t\tdata-wp-style--top=\"state.imageButtonTop\"\n\t\t>\n\t\t\t<svg xmlns=\"http:\/\/www.w3.org\/2000\/svg\" width=\"12\" height=\"12\" fill=\"none\" viewBox=\"0 0 12 12\">\n\t\t\t\t<path fill=\"#fff\" d=\"M2 0a2 2 0 0 0-2 2v2h1.5V2a.5.5 0 0 1 .5-.5h2V0H2Zm2 10.5H2a.5.5 0 0 1-.5-.5V8H0v2a2 2 0 0 0 2 2h2v-1.5ZM8 12v-1.5h2a.5.5 0 0 0 .5-.5V8H12v2a2 2 0 0 1-2 2H8Zm2-12a2 2 0 0 1 2 2v2h-1.5V2a.5.5 0 0 0-.5-.5H8V0h2Z\" \/>\n\t\t\t<\/svg>\n\t\t<\/button><figcaption class=\"wp-element-caption\"><strong>VOCAL:<\/strong><br><strong>Juan Marcos Fons Marco<\/strong><\/figcaption><\/figure>\n<\/figure>\n\n\n\n<p><\/p>\n","protected":false},"excerpt":{"rendered":"<p>JUNTA DIRECTIVA DEL GREMIO DE LABRADORES La actual junta directiva del Gremio de Labradores est\u00e1 compuesta por los siguientes miembros: Si deseas contactar con nosotros CONTACTO.<\/p>\n","protected":false},"author":1,"featured_media":0,"parent":0,"menu_order":0,"comment_status":"closed","ping_status":"closed","template":"","meta":{"footnotes":""},"class_list":["post-744","page","type-page","status-publish","hentry"],"_links":{"self":[{"href":"https:\/\/gremiodelabradoresalcoy.com\/index.php\/wp-json\/wp\/v2\/pages\/744","targetHints":{"allow":["GET"]}}],"collection":[{"href":"https:\/\/gremiodelabradoresalcoy.com\/index.php\/wp-json\/wp\/v2\/pages"}],"about":[{"href":"https:\/\/gremiodelabradoresalcoy.com\/index.php\/wp-json\/wp\/v2\/types\/page"}],"author":[{"embeddable":true,"href":"https:\/\/gremiodelabradoresalcoy.com\/index.php\/wp-json\/wp\/v2\/users\/1"}],"replies":[{"embeddable":true,"href":"https:\/\/gremiodelabradoresalcoy.com\/index.php\/wp-json\/wp\/v2\/comments?post=744"}],"version-history":[{"count":39,"href":"https:\/\/gremiodelabradoresalcoy.com\/index.php\/wp-json\/wp\/v2\/pages\/744\/revisions"}],"predecessor-version":[{"id":2590,"href":"https:\/\/gremiodelabradoresalcoy.com\/index.php\/wp-json\/wp\/v2\/pages\/744\/revisions\/2590"}],"wp:attachment":[{"href":"https:\/\/gremiodelabradoresalcoy.com\/index.php\/wp-json\/wp\/v2\/media?parent=744"}],"curies":[{"name":"wp","href":"https:\/\/api.w.org\/{rel}","templated":true}]}}